{"id":2,"date":"2024-08-01T09:20:10","date_gmt":"2024-08-01T07:20:10","guid":{"rendered":"\/?page_id=2"},"modified":"2024-08-26T10:17:35","modified_gmt":"2024-08-26T08:17:35","slug":"consulting","status":"publish","type":"page","link":"https:\/\/juv.one\/de\/consulting\/","title":{"rendered":"Consulting"},"content":{"rendered":"<div data-colibri-id=\"2-c1\" class=\"style-354 style-local-2-c1 position-relative\">\n  <!---->\n  <div data-colibri-component=\"section\" data-colibri-id=\"2-c2\" id=\"about\" class=\"h-section h-section-global-spacing d-flex align-items-lg-center align-items-md-center align-items-center style-360 style-local-2-c2 position-relative\">\n    <!---->\n    <!---->\n    <div class=\"h-section-grid-container h-section-boxed-container\">\n      <!---->\n      <div data-colibri-id=\"2-c3\" class=\"h-row-container gutters-row-lg-2 gutters-row-md-2 gutters-row-2 gutters-row-v-lg-2 gutters-row-v-md-2 gutters-row-v-2 style-361 style-local-2-c3 position-relative\">\n        <!---->\n        <div class=\"h-row justify-content-lg-center justify-content-md-center justify-content-center align-items-lg-stretch align-items-md-stretch align-items-stretch gutters-col-lg-2 gutters-col-md-2 gutters-col-2 gutters-col-v-lg-2 gutters-col-v-md-2 gutters-col-v-2\">\n          <!---->\n          <div class=\"h-column h-column-container d-flex h-col-lg-auto h-col-md-auto h-col-auto style-362-outer style-local-2-c4-outer\">\n            <div data-colibri-id=\"2-c4\" class=\"d-flex h-flex-basis h-column__inner h-px-lg-2 h-px-md-2 h-px-2 v-inner-lg-2 v-inner-md-2 v-inner-2 style-362 style-local-2-c4 position-relative\">\n              <!---->\n              <!---->\n              <div class=\"w-100 h-y-container h-column__content h-column__v-align flex-basis-100 align-self-lg-center align-self-md-center align-self-center\">\n                <!---->\n                <div data-colibri-id=\"2-c5\" class=\"h-global-transition-all h-heading style-363 style-local-2-c5 position-relative h-element\">\n                  <!---->\n                  <div class=\"h-heading__outer style-363 style-local-2-c5\">\n                    <!---->\n                    <!---->\n                    <h5 class=\"\">F\u00dcR FIRMEN UND INSTITUTIONEN<\/h5>\n                  <\/div>\n                <\/div>\n                <div data-colibri-id=\"2-c6\" class=\"h-global-transition-all h-heading style-364 style-local-2-c6 position-relative h-element\">\n                  <!---->\n                  <div class=\"h-heading__outer style-364 style-local-2-c6\">\n                    <!---->\n                    <!---->\n                    <h2 class=\"\">Digitale Transformation<\/h2>\n                  <\/div>\n                <\/div>\n                <div data-colibri-id=\"2-c7\" class=\"h-lead h-text h-text-component style-365 style-local-2-c7 position-relative h-element\">\n                  <!---->\n                  <!---->\n                  <div class=\"\">\n                    <p>Die Unternehmensberatung unterst\u00fctzt Firmen und Institutionen bei der Planung und Umsetzung ihrer Digitalisierungsprojekte. Thematische Schwerpunkte sind dabei\n                      <br>&#8211; Produktauswahlsoftware und Konfiguratoren (CPQ Software)\n                      <br>\n                    <\/p>\n                    <p>&#8211; Softwareintegration, insbesondere in den Bereichen Produktdaten und CRM<\/p>\n                    <p>&#8211; Prozessoptimierung mit Fokus auf Vertrieb<\/p>\n                    <p>&#8211; Arbeitsprozessanalyse und -automatisierung<\/p>\n                  <\/div>\n                <\/div>\n              <\/div>\n            <\/div>\n          <\/div>\n          <div class=\"h-column h-column-container d-flex h-col-lg-auto h-col-md-auto h-col-auto style-368-outer style-local-2-c8-outer\">\n            <div data-colibri-id=\"2-c8\" class=\"d-flex h-flex-basis h-column__inner h-px-lg-2 h-px-md-2 h-px-2 v-inner-lg-2 v-inner-md-2 v-inner-2 style-368 style-local-2-c8 position-relative\">\n              <!---->\n              <!---->\n              <div class=\"w-100 h-y-container h-column__content h-column__v-align flex-basis-100 align-self-lg-center align-self-md-center align-self-center\">\n                <!---->\n                <div data-colibri-id=\"2-c9\" class=\"d-block style-369 style-local-2-c9 position-relative h-element\">\n                  <!---->\n                  <div class=\"h-image__frame-container-outer\">\n                    <div class=\"h-image__frame-container\">\n                      <!---->\n                      <!---->\n                      <img loading=\"lazy\" decoding=\"async\" width=\"1440\" height=\"1440\" src=\"http:\/\/juv.one\/de\/wp-content\/uploads\/2024\/08\/cropped-conny-schneider-Xz6ZKQ-oFvc-unsplash-scaled-1.jpg\" class=\"wp-image-171 style-369-image style-local-2-c9-image\" alt=\"\" srcset=\"https:\/\/juv.one\/de\/wp-content\/uploads\/2024\/08\/cropped-conny-schneider-Xz6ZKQ-oFvc-unsplash-scaled-1.jpg 1440w, https:\/\/juv.one\/de\/wp-content\/uploads\/2024\/08\/cropped-conny-schneider-Xz6ZKQ-oFvc-unsplash-scaled-1-300x300.jpg 300w, https:\/\/juv.one\/de\/wp-content\/uploads\/2024\/08\/cropped-conny-schneider-Xz6ZKQ-oFvc-unsplash-scaled-1-1024x1024.jpg 1024w, https:\/\/juv.one\/de\/wp-content\/uploads\/2024\/08\/cropped-conny-schneider-Xz6ZKQ-oFvc-unsplash-scaled-1-150x150.jpg 150w, https:\/\/juv.one\/de\/wp-content\/uploads\/2024\/08\/cropped-conny-schneider-Xz6ZKQ-oFvc-unsplash-scaled-1-768x768.jpg 768w\" sizes=\"auto, (max-width: 1440px) 100vw, 1440px\" \/>\n                      <div class=\"h-image__frame h-hide-sm style-369-frameImage style-local-2-c9-frameImage\"><\/div>\n                    <\/div>\n                  <\/div>\n                <\/div>\n              <\/div>\n            <\/div>\n          <\/div>\n        <\/div>\n      <\/div>\n    <\/div>\n  <\/div>\n  <div data-colibri-component=\"section\" data-colibri-id=\"2-c10\" id=\"about-2\" class=\"h-section h-section-global-spacing d-flex align-items-lg-center align-items-md-center align-items-center style-370 style-local-2-c10 position-relative\">\n    <!---->\n    <!---->\n    <div class=\"h-section-grid-container h-section-boxed-container\">\n      <!---->\n      <div data-colibri-id=\"2-c11\" class=\"h-row-container gutters-row-lg-0 gutters-row-md-0 gutters-row-0 gutters-row-v-lg-0 gutters-row-v-md-0 gutters-row-v-0 style-371 style-local-2-c11 position-relative\">\n        <!---->\n        <div class=\"h-row justify-content-lg-center justify-content-md-center justify-content-center align-items-lg-stretch align-items-md-stretch align-items-stretch gutters-col-lg-0 gutters-col-md-0 gutters-col-0 gutters-col-v-lg-0 gutters-col-v-md-0 gutters-col-v-0\">\n          <!---->\n          <div class=\"h-column h-column-container d-flex h-col-lg-auto h-col-md-auto h-col-auto style-372-outer style-local-2-c12-outer\">\n            <div data-colibri-id=\"2-c12\" class=\"d-flex h-flex-basis h-column__inner h-ui-empty-state-container h-px-lg-0 h-px-md-0 h-px-0 v-inner-lg-0 v-inner-md-0 v-inner-0 style-372 style-local-2-c12 position-relative\">\n              <!---->\n              <!---->\n              <div class=\"w-100 h-y-container h-column__content h-column__v-align flex-basis-100\">\n                <!---->\n              <\/div>\n            <\/div>\n          <\/div>\n          <div class=\"h-column h-column-container d-flex h-col-lg-auto h-col-md-auto h-col-auto style-373-outer style-local-2-c13-outer\">\n            <div data-colibri-id=\"2-c13\" class=\"d-flex h-flex-basis h-column__inner h-px-lg-2 h-px-md-2 h-px-2 v-inner-lg-2 v-inner-md-2 v-inner-2 style-373 style-local-2-c13 position-relative\">\n              <!---->\n              <!---->\n              <div class=\"w-100 h-y-container h-column__content h-column__v-align flex-basis-100 align-self-lg-start align-self-md-start align-self-start\">\n                <!---->\n                <div data-colibri-id=\"2-c14\" class=\"h-global-transition-all h-heading style-374 style-local-2-c14 position-relative h-element\">\n                  <!---->\n                  <div class=\"h-heading__outer style-374 style-local-2-c14\">\n                    <!---->\n                    <!---->\n                    <h5 class=\"\">F\u00dcR PUMPENHERSTELLER<\/h5>\n                  <\/div>\n                <\/div>\n                <div data-colibri-id=\"2-c15\" class=\"h-global-transition-all h-heading style-375 style-local-2-c15 position-relative h-element\">\n                  <!---->\n                  <div class=\"h-heading__outer style-375 style-local-2-c15\">\n                    <!---->\n                    <!---->\n                    <h2 class=\"\">ERFOLG F\u00dcR IHR SPAIX PROJEKT<\/h2>\n                  <\/div>\n                <\/div>\n                <div data-colibri-id=\"2-c16\" class=\"h-text h-text-component style-376 style-local-2-c16 position-relative h-element\">\n                  <!---->\n                  <!---->\n                  <div class=\"\">\n                    <p>Spaix ist eine Software von VSX \u2013 Vogel Software zur Pumpenauswahl, Konfiguration und Vertriebsunterst\u00fctzung. <\/p>\n                    <p>Ich biete Pumpenherstellern und Anwendern detaillierte Beratung und Unterst\u00fctzung bei der Planung und Umsetzung ihres Spaix Projektes, soweit diese Leistungen nicht durch den Softwarehersteller angeboten werden. Durch jahrzehntelange\n                      T\u00e4tigkeit in der Produktentwicklung verf\u00fcge ich \u00fcber besonders tiefgreifende Kenntnisse der Anwendung. <\/p>\n                    <p>Pumpenhersteller profitieren von meiner Expertise in folgenden T\u00e4tigkeitsbereichen:<\/p>\n                    <p>&#8211;&nbsp;&nbsp;&nbsp;&nbsp;&nbsp;&nbsp;&nbsp;&nbsp;&nbsp;Beratung zu Planung, Implementierung, Integration und Anwendung der Software<\/p>\n                    <p>&#8211;&nbsp;&nbsp;&nbsp;&nbsp;&nbsp;&nbsp;&nbsp;&nbsp;&nbsp;Softwareintegration und Datenprozessoptimierung<\/p>\n                    <p>&#8211;&nbsp;&nbsp;&nbsp;&nbsp;&nbsp;&nbsp;&nbsp;&nbsp;&nbsp;Fehleranalyse und Datenpr\u00fcfung<\/p>\n                  <\/div>\n                <\/div>\n              <\/div>\n            <\/div>\n          <\/div>\n        <\/div>\n      <\/div>\n    <\/div>\n  <\/div>\n  <div data-colibri-component=\"section\" data-colibri-id=\"2-c17\" id=\"about-3\" class=\"h-section h-section-global-spacing d-flex align-items-lg-center align-items-md-center align-items-center style-377 style-local-2-c17 position-relative\">\n    <!---->\n    <!---->\n    <div class=\"h-section-grid-container h-section-boxed-container\">\n      <!---->\n      <div data-colibri-id=\"2-c18\" class=\"h-row-container gutters-row-lg-2 gutters-row-md-2 gutters-row-2 gutters-row-v-lg-2 gutters-row-v-md-2 gutters-row-v-2 style-378 style-local-2-c18 position-relative\">\n        <!---->\n        <div class=\"h-row justify-content-lg-center justify-content-md-center justify-content-center align-items-lg-stretch align-items-md-stretch align-items-stretch gutters-col-lg-2 gutters-col-md-2 gutters-col-2 gutters-col-v-lg-2 gutters-col-v-md-2 gutters-col-v-2\">\n          <!---->\n          <div class=\"h-column h-column-container d-flex h-col-lg-auto h-col-md-auto h-col-auto style-379-outer style-local-2-c19-outer\">\n            <div data-colibri-id=\"2-c19\" class=\"d-flex h-flex-basis h-column__inner h-px-lg-2 h-px-md-2 h-px-2 v-inner-lg-2 v-inner-md-2 v-inner-2 style-379 style-local-2-c19 position-relative\">\n              <!---->\n              <!---->\n              <div class=\"w-100 h-y-container h-column__content h-column__v-align flex-basis-100 align-self-lg-center align-self-md-center align-self-center\">\n                <!---->\n                <div data-colibri-id=\"2-c20\" class=\"h-global-transition-all h-heading style-380 style-local-2-c20 position-relative h-element\">\n                  <!---->\n                  <div class=\"h-heading__outer style-380 style-local-2-c20\">\n                    <!---->\n                    <!---->\n                    <h5 class=\"\">F\u00dcR SOFTWARE UND IT-FIRMEN<\/h5>\n                  <\/div>\n                <\/div>\n                <div data-colibri-id=\"2-c21\" class=\"h-global-transition-all h-heading style-381 style-local-2-c21 position-relative h-element\">\n                  <!---->\n                  <div class=\"h-heading__outer style-381 style-local-2-c21\">\n                    <!---->\n                    <!---->\n                    <h2 class=\"\">UNTERNEHMENS-BERATUNG<\/h2>\n                  <\/div>\n                <\/div>\n                <div data-colibri-id=\"2-c22\" class=\"h-text h-text-component style-382 style-local-2-c22 position-relative h-element\">\n                  <!---->\n                  <!---->\n                  <div class=\"\">\n                    <p>Unternehmen im Software- und IT-Bereich werden in allen Gesch\u00e4ftsbereichen unterst\u00fctzt, wie zum Beispiel<\/p>\n                    <p>&#8211;&nbsp;&nbsp;&nbsp;&nbsp;&nbsp;&nbsp;&nbsp;&nbsp;&nbsp;Produktentwicklung<\/p>\n                    <p>&#8211;&nbsp;&nbsp;&nbsp;&nbsp;&nbsp;&nbsp;&nbsp;&nbsp;&nbsp;Produktmanagement und Markenbildung<\/p>\n                    <p>&#8211;&nbsp;&nbsp;&nbsp;&nbsp;&nbsp;&nbsp;&nbsp;&nbsp;&nbsp;Vertriebsmanagement<\/p>\n                    <p>&#8211;&nbsp;&nbsp;&nbsp;&nbsp;&nbsp;&nbsp;&nbsp;&nbsp;&nbsp;Lizenz- und Preisgestaltung, erfolgreiche Umsetzung von SaaS und Software Subscription<\/p>\n                    <p>&#8211;&nbsp;&nbsp;&nbsp;&nbsp;&nbsp;&nbsp;&nbsp;&nbsp;&nbsp;Kunden-Support<\/p>\n                  <\/div>\n                <\/div>\n              <\/div>\n            <\/div>\n          <\/div>\n          <div class=\"h-column h-column-container d-flex h-col-lg-auto h-col-md-auto h-col-auto style-385-outer style-local-2-c23-outer\">\n            <div data-colibri-id=\"2-c23\" class=\"d-flex h-flex-basis h-column__inner h-px-lg-2 h-px-md-2 h-px-2 v-inner-lg-2 v-inner-md-2 v-inner-2 style-385 style-local-2-c23 position-relative\">\n              <!---->\n              <!---->\n              <div class=\"w-100 h-y-container h-column__content h-column__v-align flex-basis-100 align-self-lg-center align-self-md-center align-self-center\">\n                <!---->\n                <div data-colibri-id=\"2-c24\" class=\"d-block style-386 style-local-2-c24 position-relative h-element\">\n                  <!---->\n                  <div class=\"h-image__frame-container-outer\">\n                    <div class=\"h-image__frame-container\">\n                      <!---->\n                      <!---->\n                      <img decoding=\"async\" src=\"http:\/\/juv.one\/de\/wp-content\/uploads\/2024\/08\/colibri-image-128.png\" class=\"wp-image-1471 style-386-image style-local-2-c24-image\" alt=\"\" \/>\n                      <div class=\"h-image__frame h-hide-sm style-386-frameImage style-local-2-c24-frameImage\"><\/div>\n                    <\/div>\n                  <\/div>\n                <\/div>\n              <\/div>\n            <\/div>\n          <\/div>\n        <\/div>\n      <\/div>\n    <\/div>\n  <\/div>\n  <div data-colibri-component=\"section\" data-colibri-id=\"2-c25\" id=\"about-4\" class=\"h-section h-section-global-spacing d-flex align-items-lg-center align-items-md-center align-items-center style-387 style-local-2-c25 position-relative\">\n    <!---->\n    <!---->\n    <div class=\"h-section-grid-container h-section-boxed-container\">\n      <!---->\n      <div data-colibri-id=\"2-c26\" class=\"h-row-container gutters-row-lg-0 gutters-row-md-0 gutters-row-0 gutters-row-v-lg-0 gutters-row-v-md-0 gutters-row-v-0 style-388 style-local-2-c26 position-relative\">\n        <!---->\n        <div class=\"h-row justify-content-lg-center justify-content-md-center justify-content-center align-items-lg-stretch align-items-md-stretch align-items-stretch gutters-col-lg-0 gutters-col-md-0 gutters-col-0 gutters-col-v-lg-0 gutters-col-v-md-0 gutters-col-v-0\">\n          <!---->\n          <div class=\"h-column h-column-container d-flex h-col-lg-auto h-col-md-auto h-col-auto style-389-outer style-local-2-c27-outer\">\n            <div data-colibri-id=\"2-c27\" class=\"d-flex h-flex-basis h-column__inner h-px-lg-0 h-px-md-0 h-px-0 v-inner-lg-0 v-inner-md-0 v-inner-0 style-389 style-local-2-c27 position-relative\">\n              <!---->\n              <!---->\n              <div class=\"w-100 h-y-container h-column__content h-column__v-align flex-basis-100 align-self-lg-start align-self-md-start align-self-start\">\n                <!---->\n                <div data-colibri-id=\"2-c28\" class=\"h-global-transition-all h-heading style-390 style-local-2-c28 position-relative h-element\">\n                  <!---->\n                  <div class=\"h-heading__outer style-390 style-local-2-c28\">\n                    <!---->\n                    <!---->\n                    <h5 class=\"\">F\u00dcR PUMPENBETREIBER UND -HERSTELLER<\/h5>\n                  <\/div>\n                <\/div>\n                <div data-colibri-id=\"2-c29\" class=\"h-global-transition-all h-heading style-391 style-local-2-c29 position-relative h-element\">\n                  <!---->\n                  <div class=\"h-heading__outer style-391 style-local-2-c29\">\n                    <!---->\n                    <!---->\n                    <h2 class=\"\">PUMPEN-TECHNOLOGIE<\/h2>\n                  <\/div>\n                <\/div>\n                <div data-colibri-id=\"2-c30\" class=\"h-text h-text-component style-392 style-local-2-c30 position-relative h-element\">\n                  <!---->\n                  <!---->\n                  <div class=\"\">\n                    <p>Im Bereich der Pumpentechnologie reicht das Beratungsspektrum von der Auswahl und Konfiguration von Pumpensystemen sowie dem effizienten Betrieb und der Optimierung von Kreiselpumpen, hydraulischen Komponenten sowie vorhandenen Anlagen.<\/p>\n                  <\/div>\n                <\/div>\n              <\/div>\n            <\/div>\n          <\/div>\n          <div class=\"h-column h-column-container d-flex h-col-lg-auto h-col-md-auto h-col-auto style-393-outer style-local-2-c31-outer\">\n            <div data-colibri-id=\"2-c31\" class=\"d-flex h-flex-basis h-column__inner h-ui-empty-state-container h-px-lg-2 h-px-md-2 h-px-2 v-inner-lg-2 v-inner-md-2 v-inner-2 style-393 style-local-2-c31 position-relative\">\n              <!---->\n              <!---->\n              <div class=\"w-100 h-y-container h-column__content h-column__v-align flex-basis-100\">\n                <!---->\n              <\/div>\n            <\/div>\n          <\/div>\n        <\/div>\n      <\/div>\n    <\/div>\n  <\/div>\n<\/div>","protected":false},"excerpt":{"rendered":"<p>F\u00dcR FIRMEN UND INSTITUTIONEN Digitale Transformation Die Unternehmensberatung unterst\u00fctzt Firmen und Institutionen bei der Planung und Umsetzung ihrer Digitalisierungsprojekte. Thematische Schwerpunkte sind dabei &#8211; Produktauswahlsoftware und Konfiguratoren (CPQ Software) &#8211; Softwareintegration, insbesondere in den Bereichen Produktdaten und CRM &#8211; Prozessoptimierung mit Fokus auf Vertrieb &#8211; Arbeitsprozessanalyse und -automatisierung F\u00dcR PUMPENHERSTELLER ERFOLG F\u00dcR IHR SPAIX PROJEKT [&hellip;]<\/p>\n","protected":false},"author":1,"featured_media":0,"parent":0,"menu_order":0,"comment_status":"closed","ping_status":"open","template":"page-templates\/full-width-page.php","meta":{"footnotes":""},"class_list":["post-2","page","type-page","status-publish","hentry"],"_links":{"self":[{"href":"https:\/\/juv.one\/de\/wp-json\/wp\/v2\/pages\/2","targetHints":{"allow":["GET"]}}],"collection":[{"href":"https:\/\/juv.one\/de\/wp-json\/wp\/v2\/pages"}],"about":[{"href":"https:\/\/juv.one\/de\/wp-json\/wp\/v2\/types\/page"}],"author":[{"embeddable":true,"href":"https:\/\/juv.one\/de\/wp-json\/wp\/v2\/users\/1"}],"replies":[{"embeddable":true,"href":"https:\/\/juv.one\/de\/wp-json\/wp\/v2\/comments?post=2"}],"version-history":[{"count":5,"href":"https:\/\/juv.one\/de\/wp-json\/wp\/v2\/pages\/2\/revisions"}],"predecessor-version":[{"id":174,"href":"https:\/\/juv.one\/de\/wp-json\/wp\/v2\/pages\/2\/revisions\/174"}],"wp:attachment":[{"href":"https:\/\/juv.one\/de\/wp-json\/wp\/v2\/media?parent=2"}],"curies":[{"name":"wp","href":"https:\/\/api.w.org\/{rel}","templated":true}]}}